{"id":337,"date":"2023-02-01T15:17:29","date_gmt":"2023-02-01T15:17:29","guid":{"rendered":"https:\/\/www.auxiliarte24hs.com.ar\/?page_id=337"},"modified":"2023-03-29T17:06:19","modified_gmt":"2023-03-29T17:06:19","slug":"incoterms","status":"publish","type":"page","link":"https:\/\/www.auxiliarte24hs.com.ar\/index.php\/incoterms\/","title":{"rendered":"Incoterms"},"content":{"rendered":"\t\t<div data-elementor-type=\"wp-page\" data-elementor-id=\"337\" class=\"elementor elementor-337\">\n\t\t\t\t\t\t<section class=\"elementor-section elementor-top-section elementor-element elementor-element-e4bdba8 elementor-section-boxed elementor-section-height-default elementor-section-height-default\" data-id=\"e4bdba8\" data-element_type=\"section\" data-e-type=\"section\">\n\t\t\t\t\t\t<div class=\"elementor-container elementor-column-gap-default\">\n\t\t\t\t\t<div class=\"elementor-column elementor-col-100 elementor-top-column elementor-element elementor-element-bef2a12\" data-id=\"bef2a12\" data-element_type=\"column\" data-e-type=\"column\">\n\t\t\t<div class=\"elementor-widget-wrap elementor-element-populated\">\n\t\t\t\t\t\t<div class=\"elementor-element elementor-element-5ab3528 elementor-widget elementor-widget-text-editor\" data-id=\"5ab3528\" data-element_type=\"widget\" data-e-type=\"widget\" data-widget_type=\"text-editor.default\">\n\t\t\t\t<div class=\"elementor-widget-container\">\n\t\t\t\t\t\t\t\t\t<p><b>INCOTERMS<\/b><span style=\"font-weight: 400;\">&nbsp;establecen reglas internacionales que permiten interpretar y solucionar los problemas derivados de un conocimiento impreciso de las pr\u00e1cticas comerciales utilizadas en los pa\u00edses del comprador y vendedor, seg\u00fan las Reglas Oficiales de la C\u00e1mara de Comercio Internacional (CCI), para la interpretaci\u00f3n de los t\u00e9rminos comerciales INCOTERMS 2020.<\/span><\/p>\n<p><b><u>GRUPO E<\/u><\/b><\/p>\n<p><span style=\"font-weight: bold;\">EXW (Ex Works)<\/span>&nbsp;\u2013 El vendedor se obliga a poner a disposici\u00f3n del comprador en su establecimiento o lugar convenido (p.e. f\u00e1brica, taller, almac\u00e9n, etc.), sin despacharla para la exportaci\u00f3n ni efectuar la carga en el veh\u00edculo receptor, concluyendo sus obligaciones.<span style=\"font-weight: 400;\"><br><\/span><\/p>\n<p><span style=\"font-weight: bold;\"><u>GRUPO F<\/u><\/span><\/p>\n<p><span style=\"font-weight: bold;\">FCA (Free Carrier)<\/span>&nbsp;\u2013 El vendedor entrega la mercanc\u00eda y la despacha para la exportaci\u00f3n al transportista nombrado por el comprador en el lugar convenido. El lugar de entrega elegido determina las obligaciones de carga y descarga de la mercanc\u00eda en ese lugar: si la entrega tiene lugar en los locales de vendedor, \u00e9ste es responsable de la carga; si la entrega ocurre en cualquier otro lugar, el vendedor no es responsable de la descarga.<\/p>\n<p><b>FAS (Free Alongside Ship)<\/b><span style=\"font-weight: 400;\">&nbsp;\u2013 La entrega de la mercanc\u00eda se realiza cuando es colocada por el vendedor al costado del buque en el puerto de embarque convenido. Son por cuenta del comprador todos los costes y riesgos de p\u00e9rdida o da\u00f1o de la mercanc\u00eda desde ese momento. Este incoterm exige al vendedor despachar la mercanc\u00eda en aduana para la exportaci\u00f3n.<\/span><\/p>\n<p><b>FOB (Free on Board)<\/b><span style=\"font-weight: 400;\">&nbsp;\u2013 El vendedor tiene la obligaci\u00f3n de cargar la mercanc\u00eda a bordo del buque en el puerto de embarque especificado en el contrato de venta. El comprador selecciona el buque y paga el flete mar\u00edtimo. La transferencia de riesgos y gastos se produce cuando la mercanc\u00eda rebasa la borda del buque. El vendedor se encarga de los tr\u00e1mites para la exportaci\u00f3n.<\/span><\/p>\n<p><span style=\"font-weight: bold;\"><u>GRUPO C<\/u><\/span><span style=\"font-weight: 400;\"><br><\/span><\/p>\n<p><b>CFR (Cost and Freight)<\/b><span style=\"font-weight: 400;\">&nbsp;\u2013 El vendedor paga los gastos de transporte y otros necesarios para que la mercanc\u00eda llegue al puerto convenido, si bien el riesgo de p\u00e9rdida o da\u00f1o de la mercanc\u00eda se transmite de vendedor a comprador una vez haya sido entregada esta a bordo del buque en el puerto de embarque y haya traspasado la borda del mismo. Tambi\u00e9n exige que el vendedor despache la mercanc\u00eda de exportaci\u00f3n. El seguro es a cargo del comprador.<\/span><\/p>\n<p><b>CIF (Cost Insurance and Freight)<\/b><span style=\"font-weight: 400;\">&nbsp;\u2013 El vendedor tiene las mismas obligaciones que bajo CFR, si bien, adem\u00e1s, ha de contratar y pagar la prima del seguro mar\u00edtimo de cobertura de la p\u00e9rdida o da\u00f1o de la mercanc\u00eda durante el transporte, ocup\u00e1ndose adem\u00e1s, del despacho de la mercanc\u00eda en aduana para la exportaci\u00f3n.<\/span><\/p>\n<p><span style=\"font-weight: bold;\">CPT (Carriage Paid to)<\/span>&nbsp;\u2013 El vendedor contrata y paga el flete de transporte de la mercanc\u00eda hasta el lugar de destino convenido. El riesgo de p\u00e9rdida o da\u00f1o se transfiere del vendedor al comprador cuando la mercanc\u00eda ha sido entregada a la custodia del primer transportista designado por el vendedor, caso de existir varios. El despacho en aduana de exportaci\u00f3n lo realiza el vendedor.<\/p>\n<p><span style=\"font-weight: bold;\">CIP (Carriage and Insurance Paid to)<\/span>&nbsp;\u2013 Este t\u00e9rmino obliga al vendedor de igual forma que el CPT y adem\u00e1s debe contratar el seguro y pagar la prima correspondiente, para cubrir la p\u00e9rdida o da\u00f1o de la mercanc\u00eda durante el transporte, si bien, s\u00f3lo est\u00e1 obligado a contratar un seguro con cobertura m\u00ednima.<\/p>\n<p><u style=\"font-weight: bold;\">GRUPO D<\/u><\/p>\n<p><b>DAP (Delivered at Place)<\/b><span style=\"font-weight: 400;\">&nbsp;\u2013 <i>&#8220;Entregada en el Lugar&#8221;<\/i> es cuando el vendedor entrega la mercanc\u00eda, con transmisi\u00f3n del riesgo, cuando \u00e9sta se pone a disposici\u00f3n del comprador en los medios de transporte preparada para la descarga en el lugar de destino acordado. El vendedor corre con todos lso riesgos de llevar la mercader\u00eda hasta el lugar acordado.&nbsp;<\/span><\/p>\n<p><b>DPU (Delivered at Place Unloaded)<\/b>&nbsp;\u2013&nbsp;<i>Mercanc\u00eda entregada y descargada en el lugar de entrega acordado. <\/i>&nbsp;establece que el vendedor entrega la mercanc\u00eda, con transmisi\u00f3n del riesgo, cuando \u00e9sta, una vez descargada de los medios de transporte, se pone a disposici\u00f3n del comprador en el lugar de destino acordado.<\/p>\n<p><b>DDP (Delivered Duty Paid)<\/b><span style=\"font-weight: 400;\">&nbsp;\u2013 En este t\u00e9rmino el vendedor realiza la entrega de la mercanc\u00eda al comprador, despachada para la importaci\u00f3n y no descargada de los medios de transporte a sus llegada al lugar convenido del pa\u00eds de la importaci\u00f3n. El vendedor asume todos los gastos y riesgos, incluidos derechos, impuestos y otras cargas por llevar la mercanc\u00eda hasta aquel lugar, una vez despachada en aduana para la importaci\u00f3n.s<\/span><\/p>\t\t\t\t\t\t\t\t<\/div>\n\t\t\t\t<\/div>\n\t\t\t\t\t<\/div>\n\t\t<\/div>\n\t\t\t\t\t<\/div>\n\t\t<\/section>\n\t\t\t\t<section class=\"elementor-section elementor-top-section elementor-element elementor-element-a2dae6a elementor-section-boxed elementor-section-height-default elementor-section-height-default\" data-id=\"a2dae6a\" data-element_type=\"section\" data-e-type=\"section\">\n\t\t\t\t\t\t<div class=\"elementor-container elementor-column-gap-default\">\n\t\t\t\t\t<div class=\"elementor-column elementor-col-100 elementor-top-column elementor-element elementor-element-f7dee57\" data-id=\"f7dee57\" data-element_type=\"column\" data-e-type=\"column\">\n\t\t\t<div class=\"elementor-widget-wrap\">\n\t\t\t\t\t\t\t<\/div>\n\t\t<\/div>\n\t\t\t\t\t<\/div>\n\t\t<\/section>\n\t\t\t\t<section class=\"elementor-section elementor-top-section elementor-element elementor-element-b889db3 elementor-section-boxed elementor-section-height-default elementor-section-height-default\" data-id=\"b889db3\" data-element_type=\"section\" data-e-type=\"section\">\n\t\t\t\t\t\t<div class=\"elementor-container elementor-column-gap-default\">\n\t\t\t\t\t<div class=\"elementor-column elementor-col-100 elementor-top-column elementor-element elementor-element-ee24ae7\" data-id=\"ee24ae7\" data-element_type=\"column\" data-e-type=\"column\">\n\t\t\t<div class=\"elementor-widget-wrap elementor-element-populated\">\n\t\t\t\t\t\t<div class=\"elementor-element elementor-element-20d7154 elementor-widget elementor-widget-image\" data-id=\"20d7154\" data-element_type=\"widget\" data-e-type=\"widget\" data-widget_type=\"image.default\">\n\t\t\t\t<div class=\"elementor-widget-container\">\n\t\t\t\t\t\t\t\t\t\t\t\t\t\t\t<img fetchpriority=\"high\" decoding=\"async\" width=\"800\" height=\"533\" src=\"https:\/\/www.auxiliarte24hs.com.ar\/wp-content\/uploads\/2022\/11\/13.jpg\" class=\"attachment-large size-large wp-image-185\" alt=\"\" srcset=\"https:\/\/www.auxiliarte24hs.com.ar\/wp-content\/uploads\/2022\/11\/13.jpg 800w, https:\/\/www.auxiliarte24hs.com.ar\/wp-content\/uploads\/2022\/11\/13-300x200.jpg 300w, https:\/\/www.auxiliarte24hs.com.ar\/wp-content\/uploads\/2022\/11\/13-768x512.jpg 768w\" sizes=\"(max-width: 800px) 100vw, 800px\" \/>\t\t\t\t\t\t\t\t\t\t\t\t\t\t\t<\/div>\n\t\t\t\t<\/div>\n\t\t\t\t<div class=\"elementor-element elementor-element-6e1b250 elementor-widget elementor-widget-image\" data-id=\"6e1b250\" data-element_type=\"widget\" data-e-type=\"widget\" data-widget_type=\"image.default\">\n\t\t\t\t<div class=\"elementor-widget-container\">\n\t\t\t\t\t\t\t\t\t\t\t\t\t\t\t<img decoding=\"async\" width=\"830\" height=\"509\" src=\"https:\/\/www.auxiliarte24hs.com.ar\/wp-content\/uploads\/2023\/03\/icoterms-personas-1.png\" class=\"attachment-large size-large wp-image-652\" alt=\"\" srcset=\"https:\/\/www.auxiliarte24hs.com.ar\/wp-content\/uploads\/2023\/03\/icoterms-personas-1.png 884w, https:\/\/www.auxiliarte24hs.com.ar\/wp-content\/uploads\/2023\/03\/icoterms-personas-1-300x184.png 300w, https:\/\/www.auxiliarte24hs.com.ar\/wp-content\/uploads\/2023\/03\/icoterms-personas-1-768x471.png 768w, https:\/\/www.auxiliarte24hs.com.ar\/wp-content\/uploads\/2023\/03\/icoterms-personas-1-850x521.png 850w\" sizes=\"(max-width: 830px) 100vw, 830px\" \/>\t\t\t\t\t\t\t\t\t\t\t\t\t\t\t<\/div>\n\t\t\t\t<\/div>\n\t\t\t\t\t<\/div>\n\t\t<\/div>\n\t\t\t\t\t<\/div>\n\t\t<\/section>\n\t\t\t\t<\/div>\n\t\t","protected":false},"excerpt":{"rendered":"<p>INCOTERMS&nbsp;establecen reglas internacionales que permiten interpretar y solucionar los problemas derivados de un conocimiento impreciso de las pr\u00e1cticas comerciales utilizadas en los pa\u00edses del comprador y vendedor, seg\u00fan las Reglas Oficiales de la C\u00e1mara de Comercio Internacional (CCI), para la interpretaci\u00f3n de los t\u00e9rminos comerciales INCOTERMS 2020. GRUPO E EXW (Ex Works)&nbsp;\u2013 El vendedor se&hellip;<\/p>\n","protected":false},"author":1,"featured_media":0,"parent":0,"menu_order":0,"comment_status":"closed","ping_status":"closed","template":"","meta":{"sfsi_plus_gutenberg_text_before_share":"","sfsi_plus_gutenberg_show_text_before_share":"","sfsi_plus_gutenberg_icon_type":"","sfsi_plus_gutenberg_icon_alignemt":"","sfsi_plus_gutenburg_max_per_row":"","footnotes":""},"class_list":["post-337","page","type-page","status-publish","hentry"],"_links":{"self":[{"href":"https:\/\/www.auxiliarte24hs.com.ar\/index.php\/wp-json\/wp\/v2\/pages\/337","targetHints":{"allow":["GET"]}}],"collection":[{"href":"https:\/\/www.auxiliarte24hs.com.ar\/index.php\/wp-json\/wp\/v2\/pages"}],"about":[{"href":"https:\/\/www.auxiliarte24hs.com.ar\/index.php\/wp-json\/wp\/v2\/types\/page"}],"author":[{"embeddable":true,"href":"https:\/\/www.auxiliarte24hs.com.ar\/index.php\/wp-json\/wp\/v2\/users\/1"}],"replies":[{"embeddable":true,"href":"https:\/\/www.auxiliarte24hs.com.ar\/index.php\/wp-json\/wp\/v2\/comments?post=337"}],"version-history":[{"count":22,"href":"https:\/\/www.auxiliarte24hs.com.ar\/index.php\/wp-json\/wp\/v2\/pages\/337\/revisions"}],"predecessor-version":[{"id":725,"href":"https:\/\/www.auxiliarte24hs.com.ar\/index.php\/wp-json\/wp\/v2\/pages\/337\/revisions\/725"}],"wp:attachment":[{"href":"https:\/\/www.auxiliarte24hs.com.ar\/index.php\/wp-json\/wp\/v2\/media?parent=337"}],"curies":[{"name":"wp","href":"https:\/\/api.w.org\/{rel}","templated":true}]}}